{"id":1821,"date":"2021-07-31T16:38:09","date_gmt":"2021-07-31T14:38:09","guid":{"rendered":"https:\/\/swara.yoga\/?page_id=1821"},"modified":"2021-07-31T16:38:10","modified_gmt":"2021-07-31T14:38:10","slug":"aktuelle-events","status":"publish","type":"page","link":"https:\/\/swara.yoga\/de\/aktuelle-events\/","title":{"rendered":"Aktuelle Events"},"content":{"rendered":"\n<p class=\"wp-block-paragraph\"><strong>Swara Imagine post card challenge<\/strong><\/p>\n\n\n\n<p class=\"wp-block-paragraph\">Du kannst diese wundersch\u00f6ne Swara Imagined Postkarte in verschiedenen Caf\u00e9s deutschlandweit finden! Schau auf unseren Social Media Kan\u00e4len, wo genau du die Postkarte findest!<\/p>\n\n\n\n<figure class=\"wp-block-image size-large is-resized\"><img data-recalc-dims=\"1\" loading=\"lazy\" decoding=\"async\" src=\"https:\/\/i0.wp.com\/swara.yoga\/wp-content\/uploads\/2021\/07\/PC148mm105mmhFrontSide709.jpg?resize=543%2C385&#038;ssl=1\" alt=\"\" class=\"wp-image-1813\" width=\"543\" height=\"385\" srcset=\"https:\/\/i0.wp.com\/swara.yoga\/wp-content\/uploads\/2021\/07\/PC148mm105mmhFrontSide709.jpg?resize=1024%2C726&amp;ssl=1 1024w, https:\/\/i0.wp.com\/swara.yoga\/wp-content\/uploads\/2021\/07\/PC148mm105mmhFrontSide709.jpg?resize=300%2C213&amp;ssl=1 300w, https:\/\/i0.wp.com\/swara.yoga\/wp-content\/uploads\/2021\/07\/PC148mm105mmhFrontSide709.jpg?resize=768%2C545&amp;ssl=1 768w, https:\/\/i0.wp.com\/swara.yoga\/wp-content\/uploads\/2021\/07\/PC148mm105mmhFrontSide709.jpg?resize=1536%2C1090&amp;ssl=1 1536w, https:\/\/i0.wp.com\/swara.yoga\/wp-content\/uploads\/2021\/07\/PC148mm105mmhFrontSide709.jpg?resize=1200%2C851&amp;ssl=1 1200w, https:\/\/i0.wp.com\/swara.yoga\/wp-content\/uploads\/2021\/07\/PC148mm105mmhFrontSide709.jpg?w=1748&amp;ssl=1 1748w, https:\/\/i0.wp.com\/swara.yoga\/wp-content\/uploads\/2021\/07\/PC148mm105mmhFrontSide709.jpg?w=1650&amp;ssl=1 1650w\" sizes=\"auto, (max-width: 543px) 100vw, 543px\" \/><\/figure>\n\n\n\n<p class=\"wp-block-paragraph\"><em>Was kannst du gewinnen?<\/em><\/p>\n\n\n\n<ul class=\"wp-block-list\"><li>Eine sehr sch\u00f6ne Postkarte \ud83d\ude42 Umsonst. Schick sie an eine\/n Liebste\/n, oder h\u00e4nge sie einfach an deinen K\u00fchlschrank.<\/li><li>Kostenfreie Swara Imagined Yogaklassen. Was musst du daf\u00fcr tun?<ul><li>Poste \u00fcber deine Postkarte in einer Story oder Post (mit Bild)<\/li><li>Markiere Swara Imagined<\/li><li>Jeder Post garantiert dir Zugriff auf eines unserer sch\u00f6nen Yoga-mit-Musik Videos! Wir schicken dir den Zugriffscode per DM zu!<\/li><\/ul><\/li><\/ul>\n\n\n\n<hr class=\"wp-block-separator\"\/>\n\n\n\n<p class=\"wp-block-paragraph\"><strong>Yogakurse im Freien<\/strong><\/p>\n\n\n\n<p class=\"wp-block-paragraph\">Im Sommer und Herbst 2021 geben wir Yogakurse in verschiedenen Parks in M\u00fcnchen und Berlin. Schicke uns eine Mail an info@swara.yoga wenn du dabei sein m\u00f6chtest!<\/p>\n","protected":false},"excerpt":{"rendered":"<p>Swara Imagine post card challenge Du kannst diese wundersch\u00f6ne Swara Imagined Postkarte in verschiedenen Caf\u00e9s deutschlandweit finden! Schau auf unseren Social Media Kan\u00e4len, wo genau du die Postkarte findest! Was kannst du gewinnen? Eine sehr sch\u00f6ne Postkarte \ud83d\ude42 Umsonst. Schick sie an eine\/n Liebste\/n, oder h\u00e4nge sie einfach an deinen K\u00fchlschrank. Kostenfreie Swara Imagined Yogaklassen. Was musst du daf\u00fcr tun? Poste \u00fcber deine Postkarte in einer Story oder Post (mit Bild) Markiere Swara Imagined Jeder&hellip; <a href=\"https:\/\/swara.yoga\/de\/aktuelle-events\/\" class=\"more-link\">Weiterlesen <span class=\"screen-reader-text\">Aktuelle Events<\/span><\/a><\/p>\n","protected":false},"author":192735421,"featured_media":0,"parent":0,"menu_order":0,"comment_status":"closed","ping_status":"closed","template":"","meta":{"_coblocks_attr":"","_coblocks_dimensions":"","_coblocks_responsive_height":"","_coblocks_accordion_ie_support":"","_crdt_document":"","jetpack_post_was_ever_published":false,"footnotes":""},"tags":[1493,1490,1492,1435,1436,1407,1489,1491],"ppma_author":[1453],"class_list":["post-1821","page","type-page","status-publish","hentry","tag-events","tag-liveyoga-2","tag-outdooryoga","tag-swara-de","tag-swaraimagined-de","tag-yoga-2","tag-yogaevents","tag-yogaimpark","without-featured-image"],"jetpack_likes_enabled":true,"jetpack_sharing_enabled":true,"jetpack_shortlink":"https:\/\/wp.me\/Pcm4QA-tn","amp_enabled":true,"_links":{"self":[{"href":"https:\/\/swara.yoga\/de\/wp-json\/wp\/v2\/pages\/1821","targetHints":{"allow":["GET"]}}],"collection":[{"href":"https:\/\/swara.yoga\/de\/wp-json\/wp\/v2\/pages"}],"about":[{"href":"https:\/\/swara.yoga\/de\/wp-json\/wp\/v2\/types\/page"}],"author":[{"embeddable":true,"href":"https:\/\/swara.yoga\/de\/wp-json\/wp\/v2\/users\/192735421"}],"replies":[{"embeddable":true,"href":"https:\/\/swara.yoga\/de\/wp-json\/wp\/v2\/comments?post=1821"}],"version-history":[{"count":2,"href":"https:\/\/swara.yoga\/de\/wp-json\/wp\/v2\/pages\/1821\/revisions"}],"predecessor-version":[{"id":1823,"href":"https:\/\/swara.yoga\/de\/wp-json\/wp\/v2\/pages\/1821\/revisions\/1823"}],"wp:attachment":[{"href":"https:\/\/swara.yoga\/de\/wp-json\/wp\/v2\/media?parent=1821"}],"wp:term":[{"taxonomy":"post_tag","embeddable":true,"href":"https:\/\/swara.yoga\/de\/wp-json\/wp\/v2\/tags?post=1821"},{"taxonomy":"author","embeddable":true,"href":"https:\/\/swara.yoga\/de\/wp-json\/wp\/v2\/ppma_author?post=1821"}],"curies":[{"name":"wp","href":"https:\/\/api.w.org\/{rel}","templated":true}]}}